{"id":5056,"date":"2021-05-05T12:12:39","date_gmt":"2021-05-05T12:12:39","guid":{"rendered":"http:\/\/75.101.213.189\/?page_id=5056"},"modified":"2021-10-19T14:29:08","modified_gmt":"2021-10-19T14:29:08","slug":"senior-fitness","status":"publish","type":"page","link":"https:\/\/blog.aictive.co\/en\/senior-fitness\/","title":{"rendered":"Senior Fitness"},"content":{"rendered":"<div data-elementor-type=\"wp-page\" data-elementor-id=\"5056\" class=\"elementor elementor-5056\">\n\t\t\t\t\t\t<section class=\"elementor-section elementor-top-section elementor-element elementor-element-f2bfca7 elementor-section-boxed elementor-section-height-default elementor-section-height-default\" data-id=\"f2bfca7\" data-element_type=\"section\" data-e-type=\"section\" data-settings=\"{&quot;background_background&quot;:&quot;classic&quot;}\">\n\t\t\t\t\t\t<div class=\"elementor-container elementor-column-gap-default\">\n\t\t\t\t\t<div class=\"elementor-column elementor-col-100 elementor-top-column elementor-element elementor-element-0763516\" data-id=\"0763516\" data-element_type=\"column\" data-e-type=\"column\">\n\t\t\t<div class=\"elementor-widget-wrap elementor-element-populated\">\n\t\t\t\t\t\t<div class=\"elementor-element elementor-element-ae778c6 elementor-widget elementor-widget-heading\" data-id=\"ae778c6\" data-element_type=\"widget\" data-e-type=\"widget\" data-widget_type=\"heading.default\">\n\t\t\t\t<div class=\"elementor-widget-container\">\n\t\t\t\t\t<h1 class=\"elementor-heading-title elementor-size-default\">Senior Fitness<\/h1>\t\t\t\t<\/div>\n\t\t\t\t<\/div>\n\t\t\t\t\t<\/div>\n\t\t<\/div>\n\t\t\t\t\t<\/div>\n\t\t<\/section>\n\t\t\t\t<section class=\"elementor-section elementor-top-section elementor-element elementor-element-f7ffdaf elementor-section-boxed elementor-section-height-default elementor-section-height-default\" data-id=\"f7ffdaf\" data-element_type=\"section\" data-e-type=\"section\" data-settings=\"{&quot;background_background&quot;:&quot;classic&quot;}\">\n\t\t\t\t\t\t<div class=\"elementor-container elementor-column-gap-extended\">\n\t\t\t\t\t<div class=\"elementor-column elementor-col-50 elementor-top-column elementor-element elementor-element-28a66d7 elementor-hidden-tablet elementor-hidden-phone\" data-id=\"28a66d7\" data-element_type=\"column\" data-e-type=\"column\">\n\t\t\t<div class=\"elementor-widget-wrap elementor-element-populated\">\n\t\t\t\t\t\t<div class=\"elementor-element elementor-element-13dc5b4 elementor-widget elementor-widget-image\" data-id=\"13dc5b4\" data-element_type=\"widget\" data-e-type=\"widget\" data-widget_type=\"image.default\">\n\t\t\t\t<div class=\"elementor-widget-container\">\n\t\t\t\t\t\t\t\t\t\t\t\t\t\t\t<img fetchpriority=\"high\" decoding=\"async\" width=\"1704\" height=\"1017\" src=\"https:\/\/aictive.co\/wp-content\/uploads\/2021\/05\/SFHero.png\" class=\"attachment-full size-full wp-image-5548\" alt=\"\" srcset=\"https:\/\/aictive.co\/wp-content\/uploads\/2021\/05\/SFHero.png 1704w, https:\/\/aictive.co\/wp-content\/uploads\/2021\/05\/SFHero-150x90.png 150w, https:\/\/aictive.co\/wp-content\/uploads\/2021\/05\/SFHero-300x179.png 300w, https:\/\/aictive.co\/wp-content\/uploads\/2021\/05\/SFHero-1024x611.png 1024w, https:\/\/aictive.co\/wp-content\/uploads\/2021\/05\/SFHero-768x458.png 768w, https:\/\/aictive.co\/wp-content\/uploads\/2021\/05\/SFHero-1536x917.png 1536w, https:\/\/aictive.co\/wp-content\/uploads\/2021\/05\/SFHero-720x430.png 720w\" sizes=\"(max-width: 1704px) 100vw, 1704px\" \/>\t\t\t\t\t\t\t\t\t\t\t\t\t\t\t<\/div>\n\t\t\t\t<\/div>\n\t\t\t\t\t<\/div>\n\t\t<\/div>\n\t\t\t\t<div class=\"elementor-column elementor-col-50 elementor-top-column elementor-element elementor-element-6665190\" data-id=\"6665190\" data-element_type=\"column\" data-e-type=\"column\">\n\t\t\t<div class=\"elementor-widget-wrap elementor-element-populated\">\n\t\t\t\t\t\t<div class=\"elementor-element elementor-element-ae59a69 elementor-widget elementor-widget-text-editor\" data-id=\"ae59a69\" data-element_type=\"widget\" data-e-type=\"widget\" data-widget_type=\"text-editor.default\">\n\t\t\t\t<div class=\"elementor-widget-container\">\n\t\t\t\t\t\t\t\t\t<p><strong>Senior Fitness<\/strong> es una plataforma sencilla y moderna creada especialmente para que personas de la tercera edad puedan realizar actividad f\u00edsica de manera segura y efectiva, en cualquier momento y en la comodidad de sus casas.<\/p><p>\u00a0<\/p>\t\t\t\t\t\t\t\t<\/div>\n\t\t\t\t<\/div>\n\t\t\t\t<div class=\"elementor-element elementor-element-a5997e1 elementor-widget elementor-widget-text-editor\" data-id=\"a5997e1\" data-element_type=\"widget\" data-e-type=\"widget\" data-widget_type=\"text-editor.default\">\n\t\t\t\t<div class=\"elementor-widget-container\">\n\t\t\t\t\t\t\t\t\t<p>Los usuarios deber\u00e1n contar con un dispositivo con c\u00e1mara y conexi\u00f3n a internet. Nuestra entrenadora virtual los guiar\u00e1 de forma personalizada en la ejecuci\u00f3n de cada rutina, las cuales duran alrededor de 20 minutos. Al finalizar, les entregar\u00e1 un feedback de su desempe\u00f1o.<\/p>\t\t\t\t\t\t\t\t<\/div>\n\t\t\t\t<\/div>\n\t\t\t\t\t<\/div>\n\t\t<\/div>\n\t\t\t\t\t<\/div>\n\t\t<\/section>\n\t\t\t\t<section class=\"elementor-section elementor-top-section elementor-element elementor-element-998c016 elementor-section-boxed elementor-section-height-default elementor-section-height-default\" data-id=\"998c016\" data-element_type=\"section\" data-e-type=\"section\">\n\t\t\t\t\t\t<div class=\"elementor-container elementor-column-gap-default\">\n\t\t\t\t\t<div class=\"elementor-column elementor-col-100 elementor-top-column elementor-element elementor-element-909d2d7\" data-id=\"909d2d7\" data-element_type=\"column\" data-e-type=\"column\">\n\t\t\t<div class=\"elementor-widget-wrap\">\n\t\t\t\t\t\t\t<\/div>\n\t\t<\/div>\n\t\t\t\t\t<\/div>\n\t\t<\/section>\n\t\t\t\t<section class=\"elementor-section elementor-top-section elementor-element elementor-element-338662d elementor-section-boxed elementor-section-height-default elementor-section-height-default\" data-id=\"338662d\" data-element_type=\"section\" data-e-type=\"section\">\n\t\t\t\t\t\t<div class=\"elementor-container elementor-column-gap-default\">\n\t\t\t\t\t<div class=\"elementor-column elementor-col-33 elementor-top-column elementor-element elementor-element-db3fe06\" data-id=\"db3fe06\" data-element_type=\"column\" data-e-type=\"column\">\n\t\t\t<div class=\"elementor-widget-wrap elementor-element-populated\">\n\t\t\t\t\t\t<div class=\"elementor-element elementor-element-f55c315 elementor-widget elementor-widget-text-editor\" data-id=\"f55c315\" data-element_type=\"widget\" data-e-type=\"widget\" data-widget_type=\"text-editor.default\">\n\t\t\t\t<div class=\"elementor-widget-container\">\n\t\t\t\t\t\t\t\t\t<p>Las rutinas de entrenamiento a la que podr\u00e1n acceder los beneficiarios est\u00e1n dise\u00f1adas especialmente para ellos, por <strong>kinesi\u00f3logos expertos<\/strong>, con a\u00f1os de experiencia trabajando con <strong>adultos mayores<\/strong>, con el cuidado necesario para prevenir riesgos de lesiones.<\/p>\t\t\t\t\t\t\t\t<\/div>\n\t\t\t\t<\/div>\n\t\t\t\t\t<\/div>\n\t\t<\/div>\n\t\t\t\t<div class=\"elementor-column elementor-col-33 elementor-top-column elementor-element elementor-element-3d0f4d7\" data-id=\"3d0f4d7\" data-element_type=\"column\" data-e-type=\"column\">\n\t\t\t<div class=\"elementor-widget-wrap elementor-element-populated\">\n\t\t\t\t\t\t<div class=\"elementor-element elementor-element-1e7e48d elementor-widget elementor-widget-text-editor\" data-id=\"1e7e48d\" data-element_type=\"widget\" data-e-type=\"widget\" data-widget_type=\"text-editor.default\">\n\t\t\t\t<div class=\"elementor-widget-container\">\n\t\t\t\t\t\t\t\t\t<p>Los usuarios de Senior Fitness obtendr\u00e1n un<strong> acceso f\u00e1cil y seguro a la actividad f\u00edsica, sin la necesidad de salir de sus casas<\/strong>, lo que representa un beneficio para la tercera edad, especialmente en \u00e9poca de pandemia.<\/p>\t\t\t\t\t\t\t\t<\/div>\n\t\t\t\t<\/div>\n\t\t\t\t\t<\/div>\n\t\t<\/div>\n\t\t\t\t<div class=\"elementor-column elementor-col-33 elementor-top-column elementor-element elementor-element-46091c3\" data-id=\"46091c3\" data-element_type=\"column\" data-e-type=\"column\">\n\t\t\t<div class=\"elementor-widget-wrap elementor-element-populated\">\n\t\t\t\t\t\t<div class=\"elementor-element elementor-element-27cdbdf elementor-widget elementor-widget-text-editor\" data-id=\"27cdbdf\" data-element_type=\"widget\" data-e-type=\"widget\" data-widget_type=\"text-editor.default\">\n\t\t\t\t<div class=\"elementor-widget-container\">\n\t\t\t\t\t\t\t\t\t<p>Al termino de la rutina tendr\u00e1n un <strong>informe completo del<\/strong> <strong>desempe\u00f1o y evoluci\u00f3n<\/strong> de los beneficiarios.<\/p><p>\u00bfQuieres saber m\u00e1s? \u00a1Cont\u00e1ctanos!\u00a0<\/p>\t\t\t\t\t\t\t\t<\/div>\n\t\t\t\t<\/div>\n\t\t\t\t\t<\/div>\n\t\t<\/div>\n\t\t\t\t\t<\/div>\n\t\t<\/section>\n\t\t\t\t<section class=\"elementor-section elementor-top-section elementor-element elementor-element-f4944d0 elementor-section-full_width elementor-section-height-default elementor-section-height-default\" data-id=\"f4944d0\" data-element_type=\"section\" data-e-type=\"section\" data-settings=\"{&quot;background_background&quot;:&quot;classic&quot;}\">\n\t\t\t\t\t\t<div class=\"elementor-container elementor-column-gap-default\">\n\t\t\t\t\t<div class=\"elementor-column elementor-col-100 elementor-top-column elementor-element elementor-element-62b776e\" data-id=\"62b776e\" data-element_type=\"column\" data-e-type=\"column\">\n\t\t\t<div class=\"elementor-widget-wrap elementor-element-populated\">\n\t\t\t\t\t\t<section class=\"elementor-section elementor-inner-section elementor-element elementor-element-588eb19 elementor-section-content-middle elementor-section-boxed elementor-section-height-default elementor-section-height-default\" data-id=\"588eb19\" data-element_type=\"section\" data-e-type=\"section\">\n\t\t\t\t\t\t<div class=\"elementor-container elementor-column-gap-extended\">\n\t\t\t\t\t<div class=\"elementor-column elementor-col-100 elementor-inner-column elementor-element elementor-element-3c11d20\" data-id=\"3c11d20\" data-element_type=\"column\" data-e-type=\"column\">\n\t\t\t<div class=\"elementor-widget-wrap\">\n\t\t\t\t\t\t\t<\/div>\n\t\t<\/div>\n\t\t\t\t\t<\/div>\n\t\t<\/section>\n\t\t\t\t\t<\/div>\n\t\t<\/div>\n\t\t\t\t\t<\/div>\n\t\t<\/section>\n\t\t\t\t<section class=\"elementor-section elementor-top-section elementor-element elementor-element-2d3a750 elementor-section-boxed elementor-section-height-default elementor-section-height-default\" data-id=\"2d3a750\" data-element_type=\"section\" data-e-type=\"section\">\n\t\t\t\t\t\t<div class=\"elementor-container elementor-column-gap-default\">\n\t\t\t\t\t<div class=\"elementor-column elementor-col-100 elementor-top-column elementor-element elementor-element-58605ba\" data-id=\"58605ba\" data-element_type=\"column\" data-e-type=\"column\">\n\t\t\t<div class=\"elementor-widget-wrap elementor-element-populated\">\n\t\t\t\t\t\t<div class=\"elementor-element elementor-element-b39ea90 elementor-widget elementor-widget-video\" data-id=\"b39ea90\" data-element_type=\"widget\" data-e-type=\"widget\" data-settings=\"{&quot;youtube_url&quot;:&quot;https:\\\/\\\/www.youtube.com\\\/watch?v=npNtlK5w_1A&quot;,&quot;loop&quot;:&quot;yes&quot;,&quot;video_type&quot;:&quot;youtube&quot;}\" data-widget_type=\"video.default\">\n\t\t\t\t<div class=\"elementor-widget-container\">\n\t\t\t\t\t\t\t<div class=\"elementor-wrapper elementor-open-inline\">\n\t\t\t<div class=\"elementor-video\"><\/div>\t\t<\/div>\n\t\t\t\t\t\t<\/div>\n\t\t\t\t<\/div>\n\t\t\t\t\t<\/div>\n\t\t<\/div>\n\t\t\t\t\t<\/div>\n\t\t<\/section>\n\t\t\t\t<section class=\"elementor-section elementor-top-section elementor-element elementor-element-d4717d2 elementor-section-boxed elementor-section-height-default elementor-section-height-default\" data-id=\"d4717d2\" data-element_type=\"section\" data-e-type=\"section\">\n\t\t\t\t\t\t<div class=\"elementor-container elementor-column-gap-default\">\n\t\t\t\t\t<div class=\"elementor-column elementor-col-100 elementor-top-column elementor-element elementor-element-1b6620f\" data-id=\"1b6620f\" data-element_type=\"column\" data-e-type=\"column\">\n\t\t\t<div class=\"elementor-widget-wrap\">\n\t\t\t\t\t\t\t<\/div>\n\t\t<\/div>\n\t\t\t\t\t<\/div>\n\t\t<\/section>\n\t\t\t\t<\/div>","protected":false},"excerpt":{"rendered":"<p>Senior Fitness \/\/ producto \u00bfQu\u00e9 es Senior Fitness? Senior Fitness es una plataforma sencilla y moderna creada especialmente para que [&hellip;]<\/p>","protected":false},"author":6,"featured_media":0,"parent":0,"menu_order":0,"comment_status":"closed","ping_status":"closed","template":"","meta":{"site-sidebar-layout":"default","site-content-layout":"","ast-site-content-layout":"","site-content-style":"default","site-sidebar-style":"default","ast-global-header-display":"","ast-banner-title-visibility":"","ast-main-header-display":"","ast-hfb-above-header-display":"","ast-hfb-below-header-display":"","ast-hfb-mobile-header-display":"","site-post-title":"","ast-breadcrumbs-content":"","ast-featured-img":"","footer-sml-layout":"","theme-transparent-header-meta":"","adv-header-id-meta":"","stick-header-meta":"","header-above-stick-meta":"","header-main-stick-meta":"","header-below-stick-meta":"","astra-migrate-meta-layouts":"default","ast-page-background-enabled":"default","ast-page-background-meta":{"desktop":{"background-color":"var(--ast-global-color-5)","background-image":"","background-repeat":"repeat","background-position":"center center","background-size":"auto","background-attachment":"scroll","background-type":"","background-media":"","overlay-type":"","overlay-color":"","overlay-opacity":"","overlay-gradient":""},"tablet":{"background-color":"","background-image":"","background-repeat":"repeat","background-position":"center center","background-size":"auto","background-attachment":"scroll","background-type":"","background-media":"","overlay-type":"","overlay-color":"","overlay-opacity":"","overlay-gradient":""},"mobile":{"background-color":"","background-image":"","background-repeat":"repeat","background-position":"center center","background-size":"auto","background-attachment":"scroll","background-type":"","background-media":"","overlay-type":"","overlay-color":"","overlay-opacity":"","overlay-gradient":""}},"ast-content-background-meta":{"desktop":{"background-color":"var(--ast-global-color-4)","background-image":"","background-repeat":"repeat","background-position":"center center","background-size":"auto","background-attachment":"scroll","background-type":"","background-media":"","overlay-type":"","overlay-color":"","overlay-opacity":"","overlay-gradient":""},"tablet":{"background-color":"var(--ast-global-color-4)","background-image":"","background-repeat":"repeat","background-position":"center center","background-size":"auto","background-attachment":"scroll","background-type":"","background-media":"","overlay-type":"","overlay-color":"","overlay-opacity":"","overlay-gradient":""},"mobile":{"background-color":"var(--ast-global-color-4)","background-image":"","background-repeat":"repeat","background-position":"center center","background-size":"auto","background-attachment":"scroll","background-type":"","background-media":"","overlay-type":"","overlay-color":"","overlay-opacity":"","overlay-gradient":""}},"footnotes":""},"class_list":["post-5056","page","type-page","status-publish","hentry"],"yoast_head":"<!-- This site is optimized with the Yoast SEO plugin v25.6 - https:\/\/yoast.com\/wordpress\/plugins\/seo\/ -->\n<title>Senior Fitness -<\/title>\n<meta name=\"robots\" content=\"index, follow, max-snippet:-1, max-image-preview:large, max-video-preview:-1\" \/>\n<link rel=\"canonical\" href=\"https:\/\/aictive.co\/en\/senior-fitness\/\" \/>\n<meta property=\"og:locale\" content=\"en_US\" \/>\n<meta property=\"og:type\" content=\"article\" \/>\n<meta property=\"og:title\" content=\"Senior Fitness -\" \/>\n<meta property=\"og:description\" content=\"Senior Fitness \/\/ producto \u00bfQu\u00e9 es Senior Fitness? Senior Fitness es una plataforma sencilla y moderna creada especialmente para que [&hellip;]\" \/>\n<meta property=\"og:url\" content=\"https:\/\/aictive.co\/en\/senior-fitness\/\" \/>\n<meta property=\"article:modified_time\" content=\"2021-10-19T14:29:08+00:00\" \/>\n<meta property=\"og:image\" content=\"https:\/\/aictive.co\/wp-content\/uploads\/2021\/05\/SFHero.png\" \/>\n<meta name=\"twitter:card\" content=\"summary_large_image\" \/>\n<meta name=\"twitter:label1\" content=\"Est. reading time\" \/>\n\t<meta name=\"twitter:data1\" content=\"8 minutes\" \/>\n<script type=\"application\/ld+json\" class=\"yoast-schema-graph\">{\"@context\":\"https:\/\/schema.org\",\"@graph\":[{\"@type\":\"WebPage\",\"@id\":\"https:\/\/aictive.co\/en\/senior-fitness\/\",\"url\":\"https:\/\/aictive.co\/en\/senior-fitness\/\",\"name\":\"Senior Fitness -\",\"isPartOf\":{\"@id\":\"https:\/\/ec2-35-171-156-2.compute-1.amazonaws.com\/en\/#website\"},\"primaryImageOfPage\":{\"@id\":\"https:\/\/aictive.co\/en\/senior-fitness\/#primaryimage\"},\"image\":{\"@id\":\"https:\/\/aictive.co\/en\/senior-fitness\/#primaryimage\"},\"thumbnailUrl\":\"https:\/\/aictive.co\/wp-content\/uploads\/2021\/05\/SFHero.png\",\"datePublished\":\"2021-05-05T12:12:39+00:00\",\"dateModified\":\"2021-10-19T14:29:08+00:00\",\"breadcrumb\":{\"@id\":\"https:\/\/aictive.co\/en\/senior-fitness\/#breadcrumb\"},\"inLanguage\":\"en-US\",\"potentialAction\":[{\"@type\":\"ReadAction\",\"target\":[\"https:\/\/aictive.co\/en\/senior-fitness\/\"]}]},{\"@type\":\"ImageObject\",\"inLanguage\":\"en-US\",\"@id\":\"https:\/\/aictive.co\/en\/senior-fitness\/#primaryimage\",\"url\":\"https:\/\/aictive.co\/wp-content\/uploads\/2021\/05\/SFHero.png\",\"contentUrl\":\"https:\/\/aictive.co\/wp-content\/uploads\/2021\/05\/SFHero.png\"},{\"@type\":\"BreadcrumbList\",\"@id\":\"https:\/\/aictive.co\/en\/senior-fitness\/#breadcrumb\",\"itemListElement\":[{\"@type\":\"ListItem\",\"position\":1,\"name\":\"Home\",\"item\":\"https:\/\/ec2-35-171-156-2.compute-1.amazonaws.com\/en\/\"},{\"@type\":\"ListItem\",\"position\":2,\"name\":\"Senior Fitness\"}]},{\"@type\":\"WebSite\",\"@id\":\"https:\/\/ec2-35-171-156-2.compute-1.amazonaws.com\/en\/#website\",\"url\":\"https:\/\/ec2-35-171-156-2.compute-1.amazonaws.com\/en\/\",\"name\":\"Aictive\",\"description\":\"Transforming MSK care with AI\u200b\",\"publisher\":{\"@id\":\"https:\/\/ec2-35-171-156-2.compute-1.amazonaws.com\/en\/#organization\"},\"potentialAction\":[{\"@type\":\"SearchAction\",\"target\":{\"@type\":\"EntryPoint\",\"urlTemplate\":\"https:\/\/ec2-35-171-156-2.compute-1.amazonaws.com\/en\/?s={search_term_string}\"},\"query-input\":{\"@type\":\"PropertyValueSpecification\",\"valueRequired\":true,\"valueName\":\"search_term_string\"}}],\"inLanguage\":\"en-US\"},{\"@type\":\"Organization\",\"@id\":\"https:\/\/ec2-35-171-156-2.compute-1.amazonaws.com\/en\/#organization\",\"name\":\"Aictive\",\"url\":\"https:\/\/ec2-35-171-156-2.compute-1.amazonaws.com\/en\/\",\"logo\":{\"@type\":\"ImageObject\",\"inLanguage\":\"en-US\",\"@id\":\"https:\/\/ec2-35-171-156-2.compute-1.amazonaws.com\/en\/#\/schema\/logo\/image\/\",\"url\":\"https:\/\/blog.aictive.co\/wp-content\/uploads\/2025\/02\/cropped-cropped-Logo-AICTIVE_Color-Vertical.png\",\"contentUrl\":\"https:\/\/blog.aictive.co\/wp-content\/uploads\/2025\/02\/cropped-cropped-Logo-AICTIVE_Color-Vertical.png\",\"width\":512,\"height\":512,\"caption\":\"Aictive\"},\"image\":{\"@id\":\"https:\/\/ec2-35-171-156-2.compute-1.amazonaws.com\/en\/#\/schema\/logo\/image\/\"}}]}<\/script>\n<!-- \/ Yoast SEO plugin. -->","yoast_head_json":{"title":"Senior Fitness -","robots":{"index":"index","follow":"follow","max-snippet":"max-snippet:-1","max-image-preview":"max-image-preview:large","max-video-preview":"max-video-preview:-1"},"canonical":"https:\/\/aictive.co\/en\/senior-fitness\/","og_locale":"en_US","og_type":"article","og_title":"Senior Fitness -","og_description":"Senior Fitness \/\/ producto \u00bfQu\u00e9 es Senior Fitness? Senior Fitness es una plataforma sencilla y moderna creada especialmente para que [&hellip;]","og_url":"https:\/\/aictive.co\/en\/senior-fitness\/","article_modified_time":"2021-10-19T14:29:08+00:00","og_image":[{"url":"https:\/\/aictive.co\/wp-content\/uploads\/2021\/05\/SFHero.png","type":"","width":"","height":""}],"twitter_card":"summary_large_image","twitter_misc":{"Est. reading time":"8 minutes"},"schema":{"@context":"https:\/\/schema.org","@graph":[{"@type":"WebPage","@id":"https:\/\/aictive.co\/en\/senior-fitness\/","url":"https:\/\/aictive.co\/en\/senior-fitness\/","name":"Senior Fitness -","isPartOf":{"@id":"https:\/\/ec2-35-171-156-2.compute-1.amazonaws.com\/en\/#website"},"primaryImageOfPage":{"@id":"https:\/\/aictive.co\/en\/senior-fitness\/#primaryimage"},"image":{"@id":"https:\/\/aictive.co\/en\/senior-fitness\/#primaryimage"},"thumbnailUrl":"https:\/\/aictive.co\/wp-content\/uploads\/2021\/05\/SFHero.png","datePublished":"2021-05-05T12:12:39+00:00","dateModified":"2021-10-19T14:29:08+00:00","breadcrumb":{"@id":"https:\/\/aictive.co\/en\/senior-fitness\/#breadcrumb"},"inLanguage":"en-US","potentialAction":[{"@type":"ReadAction","target":["https:\/\/aictive.co\/en\/senior-fitness\/"]}]},{"@type":"ImageObject","inLanguage":"en-US","@id":"https:\/\/aictive.co\/en\/senior-fitness\/#primaryimage","url":"https:\/\/aictive.co\/wp-content\/uploads\/2021\/05\/SFHero.png","contentUrl":"https:\/\/aictive.co\/wp-content\/uploads\/2021\/05\/SFHero.png"},{"@type":"BreadcrumbList","@id":"https:\/\/aictive.co\/en\/senior-fitness\/#breadcrumb","itemListElement":[{"@type":"ListItem","position":1,"name":"Home","item":"https:\/\/ec2-35-171-156-2.compute-1.amazonaws.com\/en\/"},{"@type":"ListItem","position":2,"name":"Senior Fitness"}]},{"@type":"WebSite","@id":"https:\/\/ec2-35-171-156-2.compute-1.amazonaws.com\/en\/#website","url":"https:\/\/ec2-35-171-156-2.compute-1.amazonaws.com\/en\/","name":"Aictive","description":"Transforming MSK care with AI\u200b","publisher":{"@id":"https:\/\/ec2-35-171-156-2.compute-1.amazonaws.com\/en\/#organization"},"potentialAction":[{"@type":"SearchAction","target":{"@type":"EntryPoint","urlTemplate":"https:\/\/ec2-35-171-156-2.compute-1.amazonaws.com\/en\/?s={search_term_string}"},"query-input":{"@type":"PropertyValueSpecification","valueRequired":true,"valueName":"search_term_string"}}],"inLanguage":"en-US"},{"@type":"Organization","@id":"https:\/\/ec2-35-171-156-2.compute-1.amazonaws.com\/en\/#organization","name":"Aictive","url":"https:\/\/ec2-35-171-156-2.compute-1.amazonaws.com\/en\/","logo":{"@type":"ImageObject","inLanguage":"en-US","@id":"https:\/\/ec2-35-171-156-2.compute-1.amazonaws.com\/en\/#\/schema\/logo\/image\/","url":"https:\/\/blog.aictive.co\/wp-content\/uploads\/2025\/02\/cropped-cropped-Logo-AICTIVE_Color-Vertical.png","contentUrl":"https:\/\/blog.aictive.co\/wp-content\/uploads\/2025\/02\/cropped-cropped-Logo-AICTIVE_Color-Vertical.png","width":512,"height":512,"caption":"Aictive"},"image":{"@id":"https:\/\/ec2-35-171-156-2.compute-1.amazonaws.com\/en\/#\/schema\/logo\/image\/"}}]}},"_links":{"self":[{"href":"https:\/\/blog.aictive.co\/en\/wp-json\/wp\/v2\/pages\/5056"}],"collection":[{"href":"https:\/\/blog.aictive.co\/en\/wp-json\/wp\/v2\/pages"}],"about":[{"href":"https:\/\/blog.aictive.co\/en\/wp-json\/wp\/v2\/types\/page"}],"author":[{"embeddable":true,"href":"https:\/\/blog.aictive.co\/en\/wp-json\/wp\/v2\/users\/6"}],"replies":[{"embeddable":true,"href":"https:\/\/blog.aictive.co\/en\/wp-json\/wp\/v2\/comments?post=5056"}],"version-history":[{"count":154,"href":"https:\/\/blog.aictive.co\/en\/wp-json\/wp\/v2\/pages\/5056\/revisions"}],"predecessor-version":[{"id":6171,"href":"https:\/\/blog.aictive.co\/en\/wp-json\/wp\/v2\/pages\/5056\/revisions\/6171"}],"wp:attachment":[{"href":"https:\/\/blog.aictive.co\/en\/wp-json\/wp\/v2\/media?parent=5056"}],"curies":[{"name":"wp","href":"https:\/\/api.w.org\/{rel}","templated":true}]}}