{"id":5538,"date":"2021-05-12T19:48:38","date_gmt":"2021-05-12T19:48:38","guid":{"rendered":"http:\/\/75.101.213.189\/?page_id=5538"},"modified":"2021-05-25T14:01:34","modified_gmt":"2021-05-25T14:01:34","slug":"mas-productos","status":"publish","type":"page","link":"https:\/\/blog.aictive.co\/en\/mas-productos\/","title":{"rendered":"M\u00e1s productos"},"content":{"rendered":"<div data-elementor-type=\"wp-page\" data-elementor-id=\"5538\" class=\"elementor elementor-5538\">\n\t\t\t\t\t\t<section class=\"elementor-section elementor-top-section elementor-element elementor-element-f2bfca7 elementor-section-boxed elementor-section-height-default elementor-section-height-default\" data-id=\"f2bfca7\" data-element_type=\"section\" data-e-type=\"section\" data-settings=\"{&quot;background_background&quot;:&quot;gradient&quot;}\">\n\t\t\t\t\t\t<div class=\"elementor-container elementor-column-gap-default\">\n\t\t\t\t\t<div class=\"elementor-column elementor-col-100 elementor-top-column elementor-element elementor-element-0763516\" data-id=\"0763516\" data-element_type=\"column\" data-e-type=\"column\">\n\t\t\t<div class=\"elementor-widget-wrap elementor-element-populated\">\n\t\t\t\t\t\t<div class=\"elementor-element elementor-element-ae778c6 elementor-widget elementor-widget-heading\" data-id=\"ae778c6\" data-element_type=\"widget\" data-e-type=\"widget\" data-widget_type=\"heading.default\">\n\t\t\t\t<div class=\"elementor-widget-container\">\n\t\t\t\t\t<h1 class=\"elementor-heading-title elementor-size-default\">M\u00e1s Productos<\/h1>\t\t\t\t<\/div>\n\t\t\t\t<\/div>\n\t\t\t\t\t<\/div>\n\t\t<\/div>\n\t\t\t\t\t<\/div>\n\t\t<\/section>\n\t\t\t\t<section class=\"elementor-section elementor-top-section elementor-element elementor-element-f7ffdaf elementor-section-boxed elementor-section-height-default elementor-section-height-default\" data-id=\"f7ffdaf\" data-element_type=\"section\" data-e-type=\"section\" data-settings=\"{&quot;background_background&quot;:&quot;classic&quot;}\">\n\t\t\t\t\t\t<div class=\"elementor-container elementor-column-gap-extended\">\n\t\t\t\t\t<div class=\"elementor-column elementor-col-50 elementor-top-column elementor-element elementor-element-28a66d7 elementor-hidden-tablet elementor-hidden-phone\" data-id=\"28a66d7\" data-element_type=\"column\" data-e-type=\"column\">\n\t\t\t<div class=\"elementor-widget-wrap elementor-element-populated\">\n\t\t\t\t\t\t<div class=\"elementor-element elementor-element-13dc5b4 elementor-widget elementor-widget-image\" data-id=\"13dc5b4\" data-element_type=\"widget\" data-e-type=\"widget\" data-widget_type=\"image.default\">\n\t\t\t\t<div class=\"elementor-widget-container\">\n\t\t\t\t\t\t\t\t\t\t\t\t\t\t\t<img fetchpriority=\"high\" decoding=\"async\" width=\"1704\" height=\"1017\" src=\"https:\/\/35.171.156.2\/wp-content\/uploads\/2021\/05\/MSHero.png\" class=\"attachment-full size-full wp-image-5541\" alt=\"\" srcset=\"https:\/\/35.171.156.2\/wp-content\/uploads\/2021\/05\/MSHero.png 1704w, https:\/\/35.171.156.2\/wp-content\/uploads\/2021\/05\/MSHero-150x90.png 150w, https:\/\/35.171.156.2\/wp-content\/uploads\/2021\/05\/MSHero-300x179.png 300w, https:\/\/35.171.156.2\/wp-content\/uploads\/2021\/05\/MSHero-1024x611.png 1024w, https:\/\/35.171.156.2\/wp-content\/uploads\/2021\/05\/MSHero-768x458.png 768w, https:\/\/35.171.156.2\/wp-content\/uploads\/2021\/05\/MSHero-1536x917.png 1536w, https:\/\/35.171.156.2\/wp-content\/uploads\/2021\/05\/MSHero-720x430.png 720w\" sizes=\"(max-width: 1704px) 100vw, 1704px\" \/>\t\t\t\t\t\t\t\t\t\t\t\t\t\t\t<\/div>\n\t\t\t\t<\/div>\n\t\t\t\t\t<\/div>\n\t\t<\/div>\n\t\t\t\t<div class=\"elementor-column elementor-col-50 elementor-top-column elementor-element elementor-element-6665190\" data-id=\"6665190\" data-element_type=\"column\" data-e-type=\"column\">\n\t\t\t<div class=\"elementor-widget-wrap elementor-element-populated\">\n\t\t\t\t\t\t<div class=\"elementor-element elementor-element-ae59a69 elementor-widget elementor-widget-text-editor\" data-id=\"ae59a69\" data-element_type=\"widget\" data-e-type=\"widget\" data-widget_type=\"text-editor.default\">\n\t\t\t\t<div class=\"elementor-widget-container\">\n\t\t\t\t\t\t\t\t\t<p>En nuestra b\u00fasqueda de <strong>transformar el an\u00e1lisis del movimiento humano<\/strong>, a trav\u00e9s de\u00a0un servicio <strong>remoto y aut\u00f3nomo<\/strong>, hemos identificado una serie de nuevas instancias\u00a0donde podemos utilizar nuestra tecnolog\u00eda, como, por ejemplo, en la kinesiolog\u00eda y\u00a0el fitness.<\/p><p>Sabemos que podemos seguir <strong>innovando y junto a ti<\/strong> <strong>co-crear<\/strong> el producto y servicio que t\u00fa y tu empresa est\u00e1n necesitando.<\/p><p>\u00a0<strong>\u00bfTienes una idea<\/strong> para tu empresa y crees que nuestra tecnolog\u00eda puede ayudarte a ejecutarla? <strong>\u00a1Conversemos!<\/strong><\/p>\t\t\t\t\t\t\t\t<\/div>\n\t\t\t\t<\/div>\n\t\t\t\t\t<\/div>\n\t\t<\/div>\n\t\t\t\t\t<\/div>\n\t\t<\/section>\n\t\t\t\t<\/div>","protected":false},"excerpt":{"rendered":"<p>M\u00e1s Productos \/\/ producto Pr\u00f3ximos Productos En nuestra b\u00fasqueda de transformar el an\u00e1lisis del movimiento humano, a trav\u00e9s de&nbsp;un servicio [&hellip;]<\/p>","protected":false},"author":6,"featured_media":0,"parent":0,"menu_order":0,"comment_status":"closed","ping_status":"closed","template":"","meta":{"site-sidebar-layout":"default","site-content-layout":"","ast-site-content-layout":"","site-content-style":"default","site-sidebar-style":"default","ast-global-header-display":"","ast-banner-title-visibility":"","ast-main-header-display":"","ast-hfb-above-header-display":"","ast-hfb-below-header-display":"","ast-hfb-mobile-header-display":"","site-post-title":"","ast-breadcrumbs-content":"","ast-featured-img":"","footer-sml-layout":"","theme-transparent-header-meta":"","adv-header-id-meta":"","stick-header-meta":"","header-above-stick-meta":"","header-main-stick-meta":"","header-below-stick-meta":"","astra-migrate-meta-layouts":"default","ast-page-background-enabled":"default","ast-page-background-meta":{"desktop":{"background-color":"var(--ast-global-color-5)","background-image":"","background-repeat":"repeat","background-position":"center center","background-size":"auto","background-attachment":"scroll","background-type":"","background-media":"","overlay-type":"","overlay-color":"","overlay-opacity":"","overlay-gradient":""},"tablet":{"background-color":"","background-image":"","background-repeat":"repeat","background-position":"center center","background-size":"auto","background-attachment":"scroll","background-type":"","background-media":"","overlay-type":"","overlay-color":"","overlay-opacity":"","overlay-gradient":""},"mobile":{"background-color":"","background-image":"","background-repeat":"repeat","background-position":"center center","background-size":"auto","background-attachment":"scroll","background-type":"","background-media":"","overlay-type":"","overlay-color":"","overlay-opacity":"","overlay-gradient":""}},"ast-content-background-meta":{"desktop":{"background-color":"var(--ast-global-color-4)","background-image":"","background-repeat":"repeat","background-position":"center center","background-size":"auto","background-attachment":"scroll","background-type":"","background-media":"","overlay-type":"","overlay-color":"","overlay-opacity":"","overlay-gradient":""},"tablet":{"background-color":"var(--ast-global-color-4)","background-image":"","background-repeat":"repeat","background-position":"center center","background-size":"auto","background-attachment":"scroll","background-type":"","background-media":"","overlay-type":"","overlay-color":"","overlay-opacity":"","overlay-gradient":""},"mobile":{"background-color":"var(--ast-global-color-4)","background-image":"","background-repeat":"repeat","background-position":"center center","background-size":"auto","background-attachment":"scroll","background-type":"","background-media":"","overlay-type":"","overlay-color":"","overlay-opacity":"","overlay-gradient":""}},"footnotes":""},"class_list":["post-5538","page","type-page","status-publish","hentry"],"yoast_head":"<!-- This site is optimized with the Yoast SEO plugin v25.6 - https:\/\/yoast.com\/wordpress\/plugins\/seo\/ -->\n<title>M\u00e1s productos -<\/title>\n<meta name=\"robots\" content=\"index, follow, max-snippet:-1, max-image-preview:large, max-video-preview:-1\" \/>\n<link rel=\"canonical\" href=\"https:\/\/blog.aictive.co\/en\/mas-productos\/\" \/>\n<meta property=\"og:locale\" content=\"en_US\" \/>\n<meta property=\"og:type\" content=\"article\" \/>\n<meta property=\"og:title\" content=\"M\u00e1s productos -\" \/>\n<meta property=\"og:description\" content=\"M\u00e1s Productos \/\/ producto Pr\u00f3ximos Productos En nuestra b\u00fasqueda de transformar el an\u00e1lisis del movimiento humano, a trav\u00e9s de&nbsp;un servicio [&hellip;]\" \/>\n<meta property=\"og:url\" content=\"https:\/\/blog.aictive.co\/en\/mas-productos\/\" \/>\n<meta property=\"article:modified_time\" content=\"2021-05-25T14:01:34+00:00\" \/>\n<meta property=\"og:image\" content=\"https:\/\/aictive.co\/wp-content\/uploads\/2021\/05\/MSHero.png\" \/>\n<meta name=\"twitter:card\" content=\"summary_large_image\" \/>\n<meta name=\"twitter:label1\" content=\"Est. reading time\" \/>\n\t<meta name=\"twitter:data1\" content=\"1 minute\" \/>\n<script type=\"application\/ld+json\" class=\"yoast-schema-graph\">{\"@context\":\"https:\/\/schema.org\",\"@graph\":[{\"@type\":\"WebPage\",\"@id\":\"https:\/\/blog.aictive.co\/en\/mas-productos\/\",\"url\":\"https:\/\/blog.aictive.co\/en\/mas-productos\/\",\"name\":\"M\u00e1s productos -\",\"isPartOf\":{\"@id\":\"https:\/\/35.171.156.2\/#website\"},\"primaryImageOfPage\":{\"@id\":\"https:\/\/blog.aictive.co\/en\/mas-productos\/#primaryimage\"},\"image\":{\"@id\":\"https:\/\/blog.aictive.co\/en\/mas-productos\/#primaryimage\"},\"thumbnailUrl\":\"https:\/\/aictive.co\/wp-content\/uploads\/2021\/05\/MSHero.png\",\"datePublished\":\"2021-05-12T19:48:38+00:00\",\"dateModified\":\"2021-05-25T14:01:34+00:00\",\"breadcrumb\":{\"@id\":\"https:\/\/blog.aictive.co\/en\/mas-productos\/#breadcrumb\"},\"inLanguage\":\"en-US\",\"potentialAction\":[{\"@type\":\"ReadAction\",\"target\":[\"https:\/\/blog.aictive.co\/en\/mas-productos\/\"]}]},{\"@type\":\"ImageObject\",\"inLanguage\":\"en-US\",\"@id\":\"https:\/\/blog.aictive.co\/en\/mas-productos\/#primaryimage\",\"url\":\"https:\/\/aictive.co\/wp-content\/uploads\/2021\/05\/MSHero.png\",\"contentUrl\":\"https:\/\/aictive.co\/wp-content\/uploads\/2021\/05\/MSHero.png\"},{\"@type\":\"BreadcrumbList\",\"@id\":\"https:\/\/blog.aictive.co\/en\/mas-productos\/#breadcrumb\",\"itemListElement\":[{\"@type\":\"ListItem\",\"position\":1,\"name\":\"Home\",\"item\":\"https:\/\/35.171.156.2\/\"},{\"@type\":\"ListItem\",\"position\":2,\"name\":\"M\u00e1s productos\"}]},{\"@type\":\"WebSite\",\"@id\":\"https:\/\/35.171.156.2\/#website\",\"url\":\"https:\/\/35.171.156.2\/\",\"name\":\"Aictive\",\"description\":\"Transforming MSK care with AI\u200b\",\"publisher\":{\"@id\":\"https:\/\/35.171.156.2\/#organization\"},\"potentialAction\":[{\"@type\":\"SearchAction\",\"target\":{\"@type\":\"EntryPoint\",\"urlTemplate\":\"https:\/\/35.171.156.2\/?s={search_term_string}\"},\"query-input\":{\"@type\":\"PropertyValueSpecification\",\"valueRequired\":true,\"valueName\":\"search_term_string\"}}],\"inLanguage\":\"en-US\"},{\"@type\":\"Organization\",\"@id\":\"https:\/\/35.171.156.2\/#organization\",\"name\":\"Aictive\",\"url\":\"https:\/\/35.171.156.2\/\",\"logo\":{\"@type\":\"ImageObject\",\"inLanguage\":\"en-US\",\"@id\":\"https:\/\/35.171.156.2\/#\/schema\/logo\/image\/\",\"url\":\"https:\/\/blog.aictive.co\/wp-content\/uploads\/2025\/02\/cropped-cropped-Logo-AICTIVE_Color-Vertical.png\",\"contentUrl\":\"https:\/\/blog.aictive.co\/wp-content\/uploads\/2025\/02\/cropped-cropped-Logo-AICTIVE_Color-Vertical.png\",\"width\":512,\"height\":512,\"caption\":\"Aictive\"},\"image\":{\"@id\":\"https:\/\/35.171.156.2\/#\/schema\/logo\/image\/\"}}]}<\/script>\n<!-- \/ Yoast SEO plugin. -->","yoast_head_json":{"title":"M\u00e1s productos -","robots":{"index":"index","follow":"follow","max-snippet":"max-snippet:-1","max-image-preview":"max-image-preview:large","max-video-preview":"max-video-preview:-1"},"canonical":"https:\/\/blog.aictive.co\/en\/mas-productos\/","og_locale":"en_US","og_type":"article","og_title":"M\u00e1s productos -","og_description":"M\u00e1s Productos \/\/ producto Pr\u00f3ximos Productos En nuestra b\u00fasqueda de transformar el an\u00e1lisis del movimiento humano, a trav\u00e9s de&nbsp;un servicio [&hellip;]","og_url":"https:\/\/blog.aictive.co\/en\/mas-productos\/","article_modified_time":"2021-05-25T14:01:34+00:00","og_image":[{"url":"https:\/\/aictive.co\/wp-content\/uploads\/2021\/05\/MSHero.png","type":"","width":"","height":""}],"twitter_card":"summary_large_image","twitter_misc":{"Est. reading time":"1 minute"},"schema":{"@context":"https:\/\/schema.org","@graph":[{"@type":"WebPage","@id":"https:\/\/blog.aictive.co\/en\/mas-productos\/","url":"https:\/\/blog.aictive.co\/en\/mas-productos\/","name":"M\u00e1s productos -","isPartOf":{"@id":"https:\/\/35.171.156.2\/#website"},"primaryImageOfPage":{"@id":"https:\/\/blog.aictive.co\/en\/mas-productos\/#primaryimage"},"image":{"@id":"https:\/\/blog.aictive.co\/en\/mas-productos\/#primaryimage"},"thumbnailUrl":"https:\/\/aictive.co\/wp-content\/uploads\/2021\/05\/MSHero.png","datePublished":"2021-05-12T19:48:38+00:00","dateModified":"2021-05-25T14:01:34+00:00","breadcrumb":{"@id":"https:\/\/blog.aictive.co\/en\/mas-productos\/#breadcrumb"},"inLanguage":"en-US","potentialAction":[{"@type":"ReadAction","target":["https:\/\/blog.aictive.co\/en\/mas-productos\/"]}]},{"@type":"ImageObject","inLanguage":"en-US","@id":"https:\/\/blog.aictive.co\/en\/mas-productos\/#primaryimage","url":"https:\/\/aictive.co\/wp-content\/uploads\/2021\/05\/MSHero.png","contentUrl":"https:\/\/aictive.co\/wp-content\/uploads\/2021\/05\/MSHero.png"},{"@type":"BreadcrumbList","@id":"https:\/\/blog.aictive.co\/en\/mas-productos\/#breadcrumb","itemListElement":[{"@type":"ListItem","position":1,"name":"Home","item":"https:\/\/35.171.156.2\/"},{"@type":"ListItem","position":2,"name":"M\u00e1s productos"}]},{"@type":"WebSite","@id":"https:\/\/35.171.156.2\/#website","url":"https:\/\/35.171.156.2\/","name":"Aictive","description":"Transforming MSK care with AI\u200b","publisher":{"@id":"https:\/\/35.171.156.2\/#organization"},"potentialAction":[{"@type":"SearchAction","target":{"@type":"EntryPoint","urlTemplate":"https:\/\/35.171.156.2\/?s={search_term_string}"},"query-input":{"@type":"PropertyValueSpecification","valueRequired":true,"valueName":"search_term_string"}}],"inLanguage":"en-US"},{"@type":"Organization","@id":"https:\/\/35.171.156.2\/#organization","name":"Aictive","url":"https:\/\/35.171.156.2\/","logo":{"@type":"ImageObject","inLanguage":"en-US","@id":"https:\/\/35.171.156.2\/#\/schema\/logo\/image\/","url":"https:\/\/blog.aictive.co\/wp-content\/uploads\/2025\/02\/cropped-cropped-Logo-AICTIVE_Color-Vertical.png","contentUrl":"https:\/\/blog.aictive.co\/wp-content\/uploads\/2025\/02\/cropped-cropped-Logo-AICTIVE_Color-Vertical.png","width":512,"height":512,"caption":"Aictive"},"image":{"@id":"https:\/\/35.171.156.2\/#\/schema\/logo\/image\/"}}]}},"_links":{"self":[{"href":"https:\/\/blog.aictive.co\/en\/wp-json\/wp\/v2\/pages\/5538"}],"collection":[{"href":"https:\/\/blog.aictive.co\/en\/wp-json\/wp\/v2\/pages"}],"about":[{"href":"https:\/\/blog.aictive.co\/en\/wp-json\/wp\/v2\/types\/page"}],"author":[{"embeddable":true,"href":"https:\/\/blog.aictive.co\/en\/wp-json\/wp\/v2\/users\/6"}],"replies":[{"embeddable":true,"href":"https:\/\/blog.aictive.co\/en\/wp-json\/wp\/v2\/comments?post=5538"}],"version-history":[{"count":27,"href":"https:\/\/blog.aictive.co\/en\/wp-json\/wp\/v2\/pages\/5538\/revisions"}],"predecessor-version":[{"id":5831,"href":"https:\/\/blog.aictive.co\/en\/wp-json\/wp\/v2\/pages\/5538\/revisions\/5831"}],"wp:attachment":[{"href":"https:\/\/blog.aictive.co\/en\/wp-json\/wp\/v2\/media?parent=5538"}],"curies":[{"name":"wp","href":"https:\/\/api.w.org\/{rel}","templated":true}]}}